{"id":31802,"date":"2022-12-14T12:51:14","date_gmt":"2022-12-14T12:51:14","guid":{"rendered":"https:\/\/www.lionstep.com\/?page_id=31802"},"modified":"2023-04-07T13:28:13","modified_gmt":"2023-04-07T13:28:13","slug":"finden-sie-die-besten-talente-fuer-ihr-marketing","status":"publish","type":"page","link":"https:\/\/www.lionstep.com\/de\/fachgebiete\/finden-sie-die-besten-talente-fuer-ihr-marketing\/","title":{"rendered":"Finden Sie die besten Talente f\u00fcr Marketing"},"content":{"rendered":"","protected":false},"excerpt":{"rendered":"","protected":false},"author":5,"featured_media":0,"parent":30229,"menu_order":0,"comment_status":"closed","ping_status":"closed","template":"Home_page.php","meta":{"_acf_changed":false,"inline_featured_image":false,"footnotes":""},"class_list":["post-31802","page","type-page","status-publish","hentry"],"acf":[],"yoast_head":"<!-- This site is optimized with the Yoast SEO Premium plugin v27.3 (Yoast SEO v27.3) - https:\/\/yoast.com\/product\/yoast-seo-premium-wordpress\/ -->\n<title>Personalvermittlung Marketing: Erfolgreich mit Lionstep<\/title>\n<meta name=\"description\" content=\"F\u00fcr die Personalvermittlung im Marketing sind wir Ihr zuverl\u00e4ssiger und leistungsf\u00e4higer Partner. Jetzt Kosten und Zeit sparen mit Lionstep!\" \/>\n<meta name=\"robots\" content=\"index, follow, max-snippet:-1, max-image-preview:large, max-video-preview:-1\" \/>\n<link rel=\"canonical\" href=\"https:\/\/www.lionstep.com\/de\/fachgebiete\/finden-sie-die-besten-talente-fuer-ihr-marketing\/\" \/>\n<meta property=\"og:locale\" content=\"de_DE\" \/>\n<meta property=\"og:type\" content=\"article\" \/>\n<meta property=\"og:title\" content=\"Finden Sie die besten Talente f\u00fcr Marketing\" \/>\n<meta property=\"og:description\" content=\"F\u00fcr die Personalvermittlung im Marketing sind wir Ihr zuverl\u00e4ssiger und leistungsf\u00e4higer Partner. Jetzt Kosten und Zeit sparen mit Lionstep!\" \/>\n<meta property=\"og:url\" content=\"https:\/\/www.lionstep.com\/de\/fachgebiete\/finden-sie-die-besten-talente-fuer-ihr-marketing\/\" \/>\n<meta property=\"og:site_name\" content=\"Lionstep\" \/>\n<meta property=\"article:publisher\" content=\"https:\/\/www.facebook.com\/lionstepjobs\/\" \/>\n<meta property=\"article:modified_time\" content=\"2023-04-07T13:28:13+00:00\" \/>\n<meta property=\"og:image\" content=\"https:\/\/www.lionstep.com\/wp-content\/uploads\/2020\/09\/LinkedIn-Blog-Posts-13.png\" \/>\n\t<meta property=\"og:image:width\" content=\"1200\" \/>\n\t<meta property=\"og:image:height\" content=\"628\" \/>\n\t<meta property=\"og:image:type\" content=\"image\/png\" \/>\n<meta name=\"twitter:card\" content=\"summary_large_image\" \/>\n<meta name=\"twitter:site\" content=\"@Lionstepjobs\" \/>\n<script type=\"application\/ld+json\" class=\"yoast-schema-graph\">{\"@context\":\"https:\\\/\\\/schema.org\",\"@graph\":[{\"@type\":\"WebPage\",\"@id\":\"https:\\\/\\\/www.lionstep.com\\\/de\\\/fachgebiete\\\/finden-sie-die-besten-talente-fuer-ihr-marketing\\\/\",\"url\":\"https:\\\/\\\/www.lionstep.com\\\/de\\\/fachgebiete\\\/finden-sie-die-besten-talente-fuer-ihr-marketing\\\/\",\"name\":\"Personalvermittlung Marketing: Erfolgreich mit Lionstep\",\"isPartOf\":{\"@id\":\"https:\\\/\\\/www.lionstep.com\\\/de\\\/#website\"},\"datePublished\":\"2022-12-14T12:51:14+00:00\",\"dateModified\":\"2023-04-07T13:28:13+00:00\",\"description\":\"F\u00fcr die Personalvermittlung im Marketing sind wir Ihr zuverl\u00e4ssiger und leistungsf\u00e4higer Partner. Jetzt Kosten und Zeit sparen mit Lionstep!\",\"breadcrumb\":{\"@id\":\"https:\\\/\\\/www.lionstep.com\\\/de\\\/fachgebiete\\\/finden-sie-die-besten-talente-fuer-ihr-marketing\\\/#breadcrumb\"},\"inLanguage\":\"de\",\"potentialAction\":[{\"@type\":\"ReadAction\",\"target\":[\"https:\\\/\\\/www.lionstep.com\\\/de\\\/fachgebiete\\\/finden-sie-die-besten-talente-fuer-ihr-marketing\\\/\"]}]},{\"@type\":\"BreadcrumbList\",\"@id\":\"https:\\\/\\\/www.lionstep.com\\\/de\\\/fachgebiete\\\/finden-sie-die-besten-talente-fuer-ihr-marketing\\\/#breadcrumb\",\"itemListElement\":[{\"@type\":\"ListItem\",\"position\":1,\"name\":\"Home\",\"item\":\"https:\\\/\\\/www.lionstep.com\\\/de\\\/\"},{\"@type\":\"ListItem\",\"position\":2,\"name\":\"Unsere Fachgebiete\",\"item\":\"https:\\\/\\\/www.lionstep.com\\\/de\\\/fachgebiete\\\/\"},{\"@type\":\"ListItem\",\"position\":3,\"name\":\"Finden Sie die besten Talente f\u00fcr Marketing\"}]},{\"@type\":\"WebSite\",\"@id\":\"https:\\\/\\\/www.lionstep.com\\\/de\\\/#website\",\"url\":\"https:\\\/\\\/www.lionstep.com\\\/de\\\/\",\"name\":\"Lionstep\",\"description\":\"Smart Search. Smarter Hires.\",\"publisher\":{\"@id\":\"https:\\\/\\\/www.lionstep.com\\\/de\\\/#organization\"},\"potentialAction\":[{\"@type\":\"SearchAction\",\"target\":{\"@type\":\"EntryPoint\",\"urlTemplate\":\"https:\\\/\\\/www.lionstep.com\\\/de\\\/?s={search_term_string}\"},\"query-input\":{\"@type\":\"PropertyValueSpecification\",\"valueRequired\":true,\"valueName\":\"search_term_string\"}}],\"inLanguage\":\"de\"},{\"@type\":\"Organization\",\"@id\":\"https:\\\/\\\/www.lionstep.com\\\/de\\\/#organization\",\"name\":\"Lionstep\",\"url\":\"https:\\\/\\\/www.lionstep.com\\\/de\\\/\",\"logo\":{\"@type\":\"ImageObject\",\"inLanguage\":\"de\",\"@id\":\"https:\\\/\\\/www.lionstep.com\\\/de\\\/#\\\/schema\\\/logo\\\/image\\\/\",\"url\":\"https:\\\/\\\/www.lionstep.com\\\/wp-content\\\/uploads\\\/2022\\\/02\\\/Lionstep_Logo_pos.svg\",\"contentUrl\":\"https:\\\/\\\/www.lionstep.com\\\/wp-content\\\/uploads\\\/2022\\\/02\\\/Lionstep_Logo_pos.svg\",\"width\":168,\"height\":24,\"caption\":\"Lionstep\"},\"image\":{\"@id\":\"https:\\\/\\\/www.lionstep.com\\\/de\\\/#\\\/schema\\\/logo\\\/image\\\/\"},\"sameAs\":[\"https:\\\/\\\/www.facebook.com\\\/lionstepjobs\\\/\",\"https:\\\/\\\/x.com\\\/Lionstepjobs\",\"https:\\\/\\\/www.instagram.com\\\/lionstep\\\/\",\"https:\\\/\\\/www.linkedin.com\\\/company\\\/lionstep\\\/\"]}]}<\/script>\n<!-- \/ Yoast SEO Premium plugin. -->","yoast_head_json":{"title":"Personalvermittlung Marketing: Erfolgreich mit Lionstep","description":"F\u00fcr die Personalvermittlung im Marketing sind wir Ihr zuverl\u00e4ssiger und leistungsf\u00e4higer Partner. Jetzt Kosten und Zeit sparen mit Lionstep!","robots":{"index":"index","follow":"follow","max-snippet":"max-snippet:-1","max-image-preview":"max-image-preview:large","max-video-preview":"max-video-preview:-1"},"canonical":"https:\/\/www.lionstep.com\/de\/fachgebiete\/finden-sie-die-besten-talente-fuer-ihr-marketing\/","og_locale":"de_DE","og_type":"article","og_title":"Finden Sie die besten Talente f\u00fcr Marketing","og_description":"F\u00fcr die Personalvermittlung im Marketing sind wir Ihr zuverl\u00e4ssiger und leistungsf\u00e4higer Partner. Jetzt Kosten und Zeit sparen mit Lionstep!","og_url":"https:\/\/www.lionstep.com\/de\/fachgebiete\/finden-sie-die-besten-talente-fuer-ihr-marketing\/","og_site_name":"Lionstep","article_publisher":"https:\/\/www.facebook.com\/lionstepjobs\/","article_modified_time":"2023-04-07T13:28:13+00:00","og_image":[{"width":1200,"height":628,"url":"https:\/\/www.lionstep.com\/wp-content\/uploads\/2020\/09\/LinkedIn-Blog-Posts-13.png","type":"image\/png"}],"twitter_card":"summary_large_image","twitter_site":"@Lionstepjobs","schema":{"@context":"https:\/\/schema.org","@graph":[{"@type":"WebPage","@id":"https:\/\/www.lionstep.com\/de\/fachgebiete\/finden-sie-die-besten-talente-fuer-ihr-marketing\/","url":"https:\/\/www.lionstep.com\/de\/fachgebiete\/finden-sie-die-besten-talente-fuer-ihr-marketing\/","name":"Personalvermittlung Marketing: Erfolgreich mit Lionstep","isPartOf":{"@id":"https:\/\/www.lionstep.com\/de\/#website"},"datePublished":"2022-12-14T12:51:14+00:00","dateModified":"2023-04-07T13:28:13+00:00","description":"F\u00fcr die Personalvermittlung im Marketing sind wir Ihr zuverl\u00e4ssiger und leistungsf\u00e4higer Partner. Jetzt Kosten und Zeit sparen mit Lionstep!","breadcrumb":{"@id":"https:\/\/www.lionstep.com\/de\/fachgebiete\/finden-sie-die-besten-talente-fuer-ihr-marketing\/#breadcrumb"},"inLanguage":"de","potentialAction":[{"@type":"ReadAction","target":["https:\/\/www.lionstep.com\/de\/fachgebiete\/finden-sie-die-besten-talente-fuer-ihr-marketing\/"]}]},{"@type":"BreadcrumbList","@id":"https:\/\/www.lionstep.com\/de\/fachgebiete\/finden-sie-die-besten-talente-fuer-ihr-marketing\/#breadcrumb","itemListElement":[{"@type":"ListItem","position":1,"name":"Home","item":"https:\/\/www.lionstep.com\/de\/"},{"@type":"ListItem","position":2,"name":"Unsere Fachgebiete","item":"https:\/\/www.lionstep.com\/de\/fachgebiete\/"},{"@type":"ListItem","position":3,"name":"Finden Sie die besten Talente f\u00fcr Marketing"}]},{"@type":"WebSite","@id":"https:\/\/www.lionstep.com\/de\/#website","url":"https:\/\/www.lionstep.com\/de\/","name":"Lionstep","description":"Smart Search. Smarter Hires.","publisher":{"@id":"https:\/\/www.lionstep.com\/de\/#organization"},"potentialAction":[{"@type":"SearchAction","target":{"@type":"EntryPoint","urlTemplate":"https:\/\/www.lionstep.com\/de\/?s={search_term_string}"},"query-input":{"@type":"PropertyValueSpecification","valueRequired":true,"valueName":"search_term_string"}}],"inLanguage":"de"},{"@type":"Organization","@id":"https:\/\/www.lionstep.com\/de\/#organization","name":"Lionstep","url":"https:\/\/www.lionstep.com\/de\/","logo":{"@type":"ImageObject","inLanguage":"de","@id":"https:\/\/www.lionstep.com\/de\/#\/schema\/logo\/image\/","url":"https:\/\/www.lionstep.com\/wp-content\/uploads\/2022\/02\/Lionstep_Logo_pos.svg","contentUrl":"https:\/\/www.lionstep.com\/wp-content\/uploads\/2022\/02\/Lionstep_Logo_pos.svg","width":168,"height":24,"caption":"Lionstep"},"image":{"@id":"https:\/\/www.lionstep.com\/de\/#\/schema\/logo\/image\/"},"sameAs":["https:\/\/www.facebook.com\/lionstepjobs\/","https:\/\/x.com\/Lionstepjobs","https:\/\/www.instagram.com\/lionstep\/","https:\/\/www.linkedin.com\/company\/lionstep\/"]}]}},"_links":{"self":[{"href":"https:\/\/www.lionstep.com\/de\/wp-json\/wp\/v2\/pages\/31802","targetHints":{"allow":["GET"]}}],"collection":[{"href":"https:\/\/www.lionstep.com\/de\/wp-json\/wp\/v2\/pages"}],"about":[{"href":"https:\/\/www.lionstep.com\/de\/wp-json\/wp\/v2\/types\/page"}],"author":[{"embeddable":true,"href":"https:\/\/www.lionstep.com\/de\/wp-json\/wp\/v2\/users\/5"}],"replies":[{"embeddable":true,"href":"https:\/\/www.lionstep.com\/de\/wp-json\/wp\/v2\/comments?post=31802"}],"version-history":[{"count":10,"href":"https:\/\/www.lionstep.com\/de\/wp-json\/wp\/v2\/pages\/31802\/revisions"}],"predecessor-version":[{"id":33674,"href":"https:\/\/www.lionstep.com\/de\/wp-json\/wp\/v2\/pages\/31802\/revisions\/33674"}],"up":[{"embeddable":true,"href":"https:\/\/www.lionstep.com\/de\/wp-json\/wp\/v2\/pages\/30229"}],"wp:attachment":[{"href":"https:\/\/www.lionstep.com\/de\/wp-json\/wp\/v2\/media?parent=31802"}],"curies":[{"name":"wp","href":"https:\/\/api.w.org\/{rel}","templated":true}]}}