{"id":22453,"date":"2022-01-13T11:56:45","date_gmt":"2022-01-13T11:56:45","guid":{"rendered":"http:\/\/qvpygzrqbb.cyon.link\/about-us\/"},"modified":"2024-04-24T07:36:32","modified_gmt":"2024-04-24T07:36:32","slug":"ueber-uns","status":"publish","type":"page","link":"https:\/\/www.lionstep.com\/de\/ueber-uns\/","title":{"rendered":"\u00dcber Uns"},"content":{"rendered":"","protected":false},"excerpt":{"rendered":"","protected":false},"author":1,"featured_media":0,"parent":0,"menu_order":0,"comment_status":"closed","ping_status":"closed","template":"Home_page.php","meta":{"_acf_changed":false,"inline_featured_image":false,"footnotes":""},"class_list":["post-22453","page","type-page","status-publish","hentry"],"acf":[],"yoast_head":"<!-- This site is optimized with the Yoast SEO Premium plugin v27.3 (Yoast SEO v27.3) - https:\/\/yoast.com\/product\/yoast-seo-premium-wordpress\/ -->\n<title>\u00dcber uns - Team &amp; Historie - Inside Lionstep<\/title>\n<meta name=\"description\" content=\"Lionstep erm\u00f6glicht es Menschen und Organisationen rund um den Globus, ihr Potenzial zu \u00fcbertreffen. Eine preisgekr\u00f6nte End-to-End-Plattform.\" \/>\n<meta name=\"robots\" content=\"index, follow, max-snippet:-1, max-image-preview:large, max-video-preview:-1\" \/>\n<link rel=\"canonical\" href=\"https:\/\/www.lionstep.com\/de\/ueber-uns\/\" \/>\n<meta property=\"og:locale\" content=\"de_DE\" \/>\n<meta property=\"og:type\" content=\"article\" \/>\n<meta property=\"og:title\" content=\"\u00dcber Uns\" \/>\n<meta property=\"og:description\" content=\"Lionstep erm\u00f6glicht es Menschen und Organisationen rund um den Globus, ihr Potenzial zu \u00fcbertreffen. Eine preisgekr\u00f6nte End-to-End-Plattform.\" \/>\n<meta property=\"og:url\" content=\"https:\/\/www.lionstep.com\/de\/ueber-uns\/\" \/>\n<meta property=\"og:site_name\" content=\"Lionstep\" \/>\n<meta property=\"article:publisher\" content=\"https:\/\/www.facebook.com\/lionstepjobs\/\" \/>\n<meta property=\"article:modified_time\" content=\"2024-04-24T07:36:32+00:00\" \/>\n<meta property=\"og:image\" content=\"https:\/\/www.lionstep.com\/wp-content\/uploads\/2020\/09\/LinkedIn-Blog-Posts-13.png\" \/>\n\t<meta property=\"og:image:width\" content=\"1200\" \/>\n\t<meta property=\"og:image:height\" content=\"628\" \/>\n\t<meta property=\"og:image:type\" content=\"image\/png\" \/>\n<meta name=\"twitter:card\" content=\"summary_large_image\" \/>\n<meta name=\"twitter:site\" content=\"@Lionstepjobs\" \/>\n<script type=\"application\/ld+json\" class=\"yoast-schema-graph\">{\"@context\":\"https:\\\/\\\/schema.org\",\"@graph\":[{\"@type\":\"WebPage\",\"@id\":\"https:\\\/\\\/www.lionstep.com\\\/de\\\/ueber-uns\\\/\",\"url\":\"https:\\\/\\\/www.lionstep.com\\\/de\\\/ueber-uns\\\/\",\"name\":\"\u00dcber uns - Team & Historie - Inside Lionstep\",\"isPartOf\":{\"@id\":\"https:\\\/\\\/www.lionstep.com\\\/de\\\/#website\"},\"datePublished\":\"2022-01-13T11:56:45+00:00\",\"dateModified\":\"2024-04-24T07:36:32+00:00\",\"description\":\"Lionstep erm\u00f6glicht es Menschen und Organisationen rund um den Globus, ihr Potenzial zu \u00fcbertreffen. Eine preisgekr\u00f6nte End-to-End-Plattform.\",\"breadcrumb\":{\"@id\":\"https:\\\/\\\/www.lionstep.com\\\/de\\\/ueber-uns\\\/#breadcrumb\"},\"inLanguage\":\"de\",\"potentialAction\":[{\"@type\":\"ReadAction\",\"target\":[\"https:\\\/\\\/www.lionstep.com\\\/de\\\/ueber-uns\\\/\"]}]},{\"@type\":\"BreadcrumbList\",\"@id\":\"https:\\\/\\\/www.lionstep.com\\\/de\\\/ueber-uns\\\/#breadcrumb\",\"itemListElement\":[{\"@type\":\"ListItem\",\"position\":1,\"name\":\"Home\",\"item\":\"https:\\\/\\\/www.lionstep.com\\\/de\\\/\"},{\"@type\":\"ListItem\",\"position\":2,\"name\":\"\u00dcber Uns\"}]},{\"@type\":\"WebSite\",\"@id\":\"https:\\\/\\\/www.lionstep.com\\\/de\\\/#website\",\"url\":\"https:\\\/\\\/www.lionstep.com\\\/de\\\/\",\"name\":\"Lionstep\",\"description\":\"Smart Search. Smarter Hires.\",\"publisher\":{\"@id\":\"https:\\\/\\\/www.lionstep.com\\\/de\\\/#organization\"},\"potentialAction\":[{\"@type\":\"SearchAction\",\"target\":{\"@type\":\"EntryPoint\",\"urlTemplate\":\"https:\\\/\\\/www.lionstep.com\\\/de\\\/?s={search_term_string}\"},\"query-input\":{\"@type\":\"PropertyValueSpecification\",\"valueRequired\":true,\"valueName\":\"search_term_string\"}}],\"inLanguage\":\"de\"},{\"@type\":\"Organization\",\"@id\":\"https:\\\/\\\/www.lionstep.com\\\/de\\\/#organization\",\"name\":\"Lionstep\",\"url\":\"https:\\\/\\\/www.lionstep.com\\\/de\\\/\",\"logo\":{\"@type\":\"ImageObject\",\"inLanguage\":\"de\",\"@id\":\"https:\\\/\\\/www.lionstep.com\\\/de\\\/#\\\/schema\\\/logo\\\/image\\\/\",\"url\":\"https:\\\/\\\/www.lionstep.com\\\/wp-content\\\/uploads\\\/2022\\\/02\\\/Lionstep_Logo_pos.svg\",\"contentUrl\":\"https:\\\/\\\/www.lionstep.com\\\/wp-content\\\/uploads\\\/2022\\\/02\\\/Lionstep_Logo_pos.svg\",\"width\":168,\"height\":24,\"caption\":\"Lionstep\"},\"image\":{\"@id\":\"https:\\\/\\\/www.lionstep.com\\\/de\\\/#\\\/schema\\\/logo\\\/image\\\/\"},\"sameAs\":[\"https:\\\/\\\/www.facebook.com\\\/lionstepjobs\\\/\",\"https:\\\/\\\/x.com\\\/Lionstepjobs\",\"https:\\\/\\\/www.instagram.com\\\/lionstep\\\/\",\"https:\\\/\\\/www.linkedin.com\\\/company\\\/lionstep\\\/\"]}]}<\/script>\n<!-- \/ Yoast SEO Premium plugin. -->","yoast_head_json":{"title":"\u00dcber uns - Team & Historie - Inside Lionstep","description":"Lionstep erm\u00f6glicht es Menschen und Organisationen rund um den Globus, ihr Potenzial zu \u00fcbertreffen. Eine preisgekr\u00f6nte End-to-End-Plattform.","robots":{"index":"index","follow":"follow","max-snippet":"max-snippet:-1","max-image-preview":"max-image-preview:large","max-video-preview":"max-video-preview:-1"},"canonical":"https:\/\/www.lionstep.com\/de\/ueber-uns\/","og_locale":"de_DE","og_type":"article","og_title":"\u00dcber Uns","og_description":"Lionstep erm\u00f6glicht es Menschen und Organisationen rund um den Globus, ihr Potenzial zu \u00fcbertreffen. Eine preisgekr\u00f6nte End-to-End-Plattform.","og_url":"https:\/\/www.lionstep.com\/de\/ueber-uns\/","og_site_name":"Lionstep","article_publisher":"https:\/\/www.facebook.com\/lionstepjobs\/","article_modified_time":"2024-04-24T07:36:32+00:00","og_image":[{"width":1200,"height":628,"url":"https:\/\/www.lionstep.com\/wp-content\/uploads\/2020\/09\/LinkedIn-Blog-Posts-13.png","type":"image\/png"}],"twitter_card":"summary_large_image","twitter_site":"@Lionstepjobs","schema":{"@context":"https:\/\/schema.org","@graph":[{"@type":"WebPage","@id":"https:\/\/www.lionstep.com\/de\/ueber-uns\/","url":"https:\/\/www.lionstep.com\/de\/ueber-uns\/","name":"\u00dcber uns - Team & Historie - Inside Lionstep","isPartOf":{"@id":"https:\/\/www.lionstep.com\/de\/#website"},"datePublished":"2022-01-13T11:56:45+00:00","dateModified":"2024-04-24T07:36:32+00:00","description":"Lionstep erm\u00f6glicht es Menschen und Organisationen rund um den Globus, ihr Potenzial zu \u00fcbertreffen. Eine preisgekr\u00f6nte End-to-End-Plattform.","breadcrumb":{"@id":"https:\/\/www.lionstep.com\/de\/ueber-uns\/#breadcrumb"},"inLanguage":"de","potentialAction":[{"@type":"ReadAction","target":["https:\/\/www.lionstep.com\/de\/ueber-uns\/"]}]},{"@type":"BreadcrumbList","@id":"https:\/\/www.lionstep.com\/de\/ueber-uns\/#breadcrumb","itemListElement":[{"@type":"ListItem","position":1,"name":"Home","item":"https:\/\/www.lionstep.com\/de\/"},{"@type":"ListItem","position":2,"name":"\u00dcber Uns"}]},{"@type":"WebSite","@id":"https:\/\/www.lionstep.com\/de\/#website","url":"https:\/\/www.lionstep.com\/de\/","name":"Lionstep","description":"Smart Search. Smarter Hires.","publisher":{"@id":"https:\/\/www.lionstep.com\/de\/#organization"},"potentialAction":[{"@type":"SearchAction","target":{"@type":"EntryPoint","urlTemplate":"https:\/\/www.lionstep.com\/de\/?s={search_term_string}"},"query-input":{"@type":"PropertyValueSpecification","valueRequired":true,"valueName":"search_term_string"}}],"inLanguage":"de"},{"@type":"Organization","@id":"https:\/\/www.lionstep.com\/de\/#organization","name":"Lionstep","url":"https:\/\/www.lionstep.com\/de\/","logo":{"@type":"ImageObject","inLanguage":"de","@id":"https:\/\/www.lionstep.com\/de\/#\/schema\/logo\/image\/","url":"https:\/\/www.lionstep.com\/wp-content\/uploads\/2022\/02\/Lionstep_Logo_pos.svg","contentUrl":"https:\/\/www.lionstep.com\/wp-content\/uploads\/2022\/02\/Lionstep_Logo_pos.svg","width":168,"height":24,"caption":"Lionstep"},"image":{"@id":"https:\/\/www.lionstep.com\/de\/#\/schema\/logo\/image\/"},"sameAs":["https:\/\/www.facebook.com\/lionstepjobs\/","https:\/\/x.com\/Lionstepjobs","https:\/\/www.instagram.com\/lionstep\/","https:\/\/www.linkedin.com\/company\/lionstep\/"]}]}},"_links":{"self":[{"href":"https:\/\/www.lionstep.com\/de\/wp-json\/wp\/v2\/pages\/22453","targetHints":{"allow":["GET"]}}],"collection":[{"href":"https:\/\/www.lionstep.com\/de\/wp-json\/wp\/v2\/pages"}],"about":[{"href":"https:\/\/www.lionstep.com\/de\/wp-json\/wp\/v2\/types\/page"}],"author":[{"embeddable":true,"href":"https:\/\/www.lionstep.com\/de\/wp-json\/wp\/v2\/users\/1"}],"replies":[{"embeddable":true,"href":"https:\/\/www.lionstep.com\/de\/wp-json\/wp\/v2\/comments?post=22453"}],"version-history":[{"count":20,"href":"https:\/\/www.lionstep.com\/de\/wp-json\/wp\/v2\/pages\/22453\/revisions"}],"predecessor-version":[{"id":35733,"href":"https:\/\/www.lionstep.com\/de\/wp-json\/wp\/v2\/pages\/22453\/revisions\/35733"}],"wp:attachment":[{"href":"https:\/\/www.lionstep.com\/de\/wp-json\/wp\/v2\/media?parent=22453"}],"curies":[{"name":"wp","href":"https:\/\/api.w.org\/{rel}","templated":true}]}}